{"id":287,"date":"2017-04-20T11:49:01","date_gmt":"2017-04-20T14:49:01","guid":{"rendered":"http:\/\/cuboamarelo.com.br\/clinicacde\/?page_id=287"},"modified":"2017-05-31T14:28:03","modified_gmt":"2017-05-31T17:28:03","slug":"trabalhe-conosco","status":"publish","type":"page","link":"http:\/\/www.cdeclinica.com.br\/index.php\/trabalhe-conosco\/","title":{"rendered":"Trabalhe Conosco"},"content":{"rendered":"<p>[vc_row row_style=&#8221;full-width&#8221; vertical_align=&#8221;middle&#8221; padding_size=&#8221;xl-padding&#8221; bg_image_url=&#8221;http:\/\/cuboamarelo.com.br\/clinicacde\/wp-content\/uploads\/2017\/04\/fundo-trabalhe-conosco-150&#215;150.jpg&#8221; background_style=&#8221;cover&#8221; background_image=&#8221;289&#8243;][vc_column][vc_row_inner][vc_column_inner text_align=&#8221;center&#8221; padding_size=&#8221;l-padding&#8221; background_color=&#8221;#ffffff&#8221; width=&#8221;1\/3&#8243; css=&#8221;.vc_custom_1492699808590{margin-left: 100px !important;}&#8221;][vc_column_text css=&#8221;.vc_custom_1496242966342{margin-bottom: 20px !important;}&#8221;]<\/p>\n<h2>Trabalhe Conosco<\/h2>\n<div><\/div>\n<div>Somos movidos pelo bem estar de nossos clientes e, para isso, precisamos de pessoas talentosas e apaixonadas pela nossa miss\u00e3o.<\/div>\n<div><\/div>\n<p>&nbsp;<\/p>\n<div>Envie-nos seu curr\u00edculo, ser\u00e1 um prazer entrar em contato com voc\u00ea em nossas oportunidades.<\/div>\n<p>[\/vc_column_text]\n<div class=\"wpcf7 no-js\" id=\"wpcf7-f288-o1\" lang=\"pt-BR\" dir=\"ltr\" data-wpcf7-id=\"288\">\n<div class=\"screen-reader-response\"><p role=\"status\" aria-live=\"polite\" aria-atomic=\"true\"><\/p> <ul><\/ul><\/div>\n<form action=\"\/index.php\/wp-json\/wp\/v2\/pages\/287#wpcf7-f288-o1\" method=\"post\" class=\"wpcf7-form init\" aria-label=\"Formul\u00e1rios de contato\" enctype=\"multipart\/form-data\" novalidate=\"novalidate\" data-status=\"init\">\n<div style=\"display: none;\">\n<input type=\"hidden\" name=\"_wpcf7\" value=\"288\" \/>\n<input type=\"hidden\" name=\"_wpcf7_version\" value=\"6.0.3\" \/>\n<input type=\"hidden\" name=\"_wpcf7_locale\" value=\"pt_BR\" \/>\n<input type=\"hidden\" name=\"_wpcf7_unit_tag\" value=\"wpcf7-f288-o1\" \/>\n<input type=\"hidden\" name=\"_wpcf7_container_post\" value=\"0\" \/>\n<input type=\"hidden\" name=\"_wpcf7_posted_data_hash\" value=\"\" \/>\n<input type=\"hidden\" name=\"_wpcf7_recaptcha_response\" value=\"\" \/>\n<\/div>\n<p><label> Nome*<br \/>\n<span class=\"wpcf7-form-control-wrap\" data-name=\"your-name\"><input size=\"40\" maxlength=\"400\" class=\"wpcf7-form-control wpcf7-text wpcf7-validates-as-required\" aria-required=\"true\" aria-invalid=\"false\" value=\"\" type=\"text\" name=\"your-name\" \/><\/span> <\/label>\n<\/p>\n<p><label> E-mail*<br \/>\n<span class=\"wpcf7-form-control-wrap\" data-name=\"your-email\"><input size=\"40\" maxlength=\"400\" class=\"wpcf7-form-control wpcf7-email wpcf7-validates-as-required wpcf7-text wpcf7-validates-as-email\" aria-required=\"true\" aria-invalid=\"false\" value=\"\" type=\"email\" name=\"your-email\" \/><\/span> <\/label>\n<\/p>\n<p><label> Telefone*<br \/>\n<span class=\"wpcf7-form-control-wrap\" data-name=\"tel-381\"><input size=\"40\" maxlength=\"400\" class=\"wpcf7-form-control wpcf7-tel wpcf7-validates-as-required wpcf7-text wpcf7-validates-as-tel\" aria-required=\"true\" aria-invalid=\"false\" placeholder=\"343228-9000\" value=\"\" type=\"tel\" name=\"tel-381\" \/><\/span><\/label>\n<\/p>\n<p><label> Envie-nos seu curr\u00edculo!*<br \/>\n<span class=\"wpcf7-form-control-wrap\" data-name=\"file-865\"><input size=\"40\" class=\"wpcf7-form-control wpcf7-file wpcf7-validates-as-required\" accept=\"audio\/*,video\/*,image\/*\" aria-required=\"true\" aria-invalid=\"false\" type=\"file\" name=\"file-865\" \/><\/span> <\/label>\n<\/p>\n<p><input class=\"wpcf7-form-control wpcf7-submit has-spinner\" type=\"submit\" value=\"Enviar\" \/>\n<\/p><div class=\"wpcf7-response-output\" aria-hidden=\"true\"><\/div>\n<\/form>\n<\/div>\n[\/vc_column_inner][vc_column_inner width=&#8221;2\/3&#8243;][\/vc_column_inner][\/vc_row_inner][\/vc_column][\/vc_row]<\/p>\n","protected":false},"excerpt":{"rendered":"<p>[vc_row row_style=&#8221;full-width&#8221; vertical_align=&#8221;middle&#8221; padding_size=&#8221;xl-padding&#8221; bg_image_url=&#8221;http:\/\/cuboamarelo.com.br\/clinicacde\/wp-content\/uploads\/2017\/04\/fundo-trabalhe-conosco-150&#215;150.jpg&#8221; background_style=&#8221;cover&#8221; background_image=&#8221;289&#8243;][vc_column][vc_row_inner][vc_column_inner text_align=&#8221;center&#8221; padding_size=&#8221;l-padding&#8221; background_color=&#8221;#ffffff&#8221; width=&#8221;1\/3&#8243; css=&#8221;.vc_custom_1492699808590{margin-left: 100px !important;}&#8221;][vc_column_text css=&#8221;.vc_custom_1496242966342{margin-bottom: 20px !important;}&#8221;] Trabalhe Conosco Somos movidos pelo bem estar de nossos clientes e, para isso, precisamos de pessoas talentosas e apaixonadas pela nossa miss\u00e3o. &nbsp; Envie-nos seu curr\u00edculo, ser\u00e1 um prazer entrar em contato com voc\u00ea em nossas oportunidades. [\/vc_column_text][\/vc_column_inner][vc_column_inner [&hellip;]<\/p>\n","protected":false},"author":1,"featured_media":0,"parent":0,"menu_order":0,"comment_status":"closed","ping_status":"closed","template":"","meta":{"footnotes":""},"class_list":["post-287","page","type-page","status-publish","hentry"],"_links":{"self":[{"href":"http:\/\/www.cdeclinica.com.br\/index.php\/wp-json\/wp\/v2\/pages\/287","targetHints":{"allow":["GET"]}}],"collection":[{"href":"http:\/\/www.cdeclinica.com.br\/index.php\/wp-json\/wp\/v2\/pages"}],"about":[{"href":"http:\/\/www.cdeclinica.com.br\/index.php\/wp-json\/wp\/v2\/types\/page"}],"author":[{"embeddable":true,"href":"http:\/\/www.cdeclinica.com.br\/index.php\/wp-json\/wp\/v2\/users\/1"}],"replies":[{"embeddable":true,"href":"http:\/\/www.cdeclinica.com.br\/index.php\/wp-json\/wp\/v2\/comments?post=287"}],"version-history":[{"count":9,"href":"http:\/\/www.cdeclinica.com.br\/index.php\/wp-json\/wp\/v2\/pages\/287\/revisions"}],"predecessor-version":[{"id":328,"href":"http:\/\/www.cdeclinica.com.br\/index.php\/wp-json\/wp\/v2\/pages\/287\/revisions\/328"}],"wp:attachment":[{"href":"http:\/\/www.cdeclinica.com.br\/index.php\/wp-json\/wp\/v2\/media?parent=287"}],"curies":[{"name":"wp","href":"https:\/\/api.w.org\/{rel}","templated":true}]}}