{"id":128,"date":"2017-04-17T16:49:02","date_gmt":"2017-04-17T19:49:02","guid":{"rendered":"http:\/\/cuboamarelo.com.br\/clinicacde\/?page_id=128"},"modified":"2017-06-18T23:49:42","modified_gmt":"2017-06-19T02:49:42","slug":"exames","status":"publish","type":"page","link":"http:\/\/www.cdeclinica.com.br\/index.php\/exames\/","title":{"rendered":"Exames"},"content":{"rendered":"<p>[vc_row][vc_column][vc_column_text]<\/p>\n<h1>Exames<\/h1>\n<p>Conhe\u00e7a todos os exames que a Cl\u00ednica CDE oferece para voc\u00ea![\/vc_column_text][vc_empty_space height=&#8221;25px&#8221;][wyde_portfolio_grid view=&#8221;grid-space&#8221; count=&#8221;13&#8243; hide_filter=&#8221;true&#8221;][\/vc_column][\/vc_row]<\/p>\n","protected":false},"excerpt":{"rendered":"<p>[vc_row][vc_column][vc_column_text] Exames Conhe\u00e7a todos os exames que a Cl\u00ednica CDE oferece para voc\u00ea![\/vc_column_text][vc_empty_space height=&#8221;25px&#8221;][wyde_portfolio_grid view=&#8221;grid-space&#8221; count=&#8221;13&#8243; hide_filter=&#8221;true&#8221;][\/vc_column][\/vc_row]<\/p>\n","protected":false},"author":1,"featured_media":0,"parent":0,"menu_order":0,"comment_status":"closed","ping_status":"closed","template":"","meta":{"footnotes":""},"class_list":["post-128","page","type-page","status-publish","hentry"],"_links":{"self":[{"href":"http:\/\/www.cdeclinica.com.br\/index.php\/wp-json\/wp\/v2\/pages\/128","targetHints":{"allow":["GET"]}}],"collection":[{"href":"http:\/\/www.cdeclinica.com.br\/index.php\/wp-json\/wp\/v2\/pages"}],"about":[{"href":"http:\/\/www.cdeclinica.com.br\/index.php\/wp-json\/wp\/v2\/types\/page"}],"author":[{"embeddable":true,"href":"http:\/\/www.cdeclinica.com.br\/index.php\/wp-json\/wp\/v2\/users\/1"}],"replies":[{"embeddable":true,"href":"http:\/\/www.cdeclinica.com.br\/index.php\/wp-json\/wp\/v2\/comments?post=128"}],"version-history":[{"count":8,"href":"http:\/\/www.cdeclinica.com.br\/index.php\/wp-json\/wp\/v2\/pages\/128\/revisions"}],"predecessor-version":[{"id":332,"href":"http:\/\/www.cdeclinica.com.br\/index.php\/wp-json\/wp\/v2\/pages\/128\/revisions\/332"}],"wp:attachment":[{"href":"http:\/\/www.cdeclinica.com.br\/index.php\/wp-json\/wp\/v2\/media?parent=128"}],"curies":[{"name":"wp","href":"https:\/\/api.w.org\/{rel}","templated":true}]}}