{"id":11,"date":"2017-04-11T17:32:43","date_gmt":"2017-04-11T20:32:43","guid":{"rendered":"http:\/\/cuboamarelo.com.br\/clinicacde\/?page_id=11"},"modified":"2026-02-11T15:22:58","modified_gmt":"2026-02-11T18:22:58","slug":"home","status":"publish","type":"page","link":"http:\/\/www.cdeclinica.com.br\/","title":{"rendered":"Home"},"content":{"rendered":"<p>[vc_row css=&#8221;.vc_custom_1492547601811{margin-top: 0px !important;padding-top: 0px !important;padding-bottom: 0px !important;}&#8221;][vc_column][rev_slider_vc][\/vc_column][\/vc_row][vc_row row_style=&#8221;full-width&#8221; vertical_align=&#8221;middle&#8221; padding_size=&#8221;no-padding&#8221; css=&#8221;.vc_custom_1492695212574{margin-top: 0px !important;margin-right: 0px !important;margin-bottom: 0px !important;margin-left: 0px !important;padding-top: 0px !important;padding-right: 0px !important;padding-bottom: 0px !important;}&#8221; el_id=&#8221;cde&#8221;][vc_column padding_size=&#8221;l-padding&#8221; width=&#8221;1\/2&#8243;][vc_column_text animation=&#8221;bounceInLeft&#8221;]<\/p>\n<h1>A Cl\u00ednica<\/h1>\n<p>A cl\u00ednica CDE \u00e9 uma entidade particular, voltada exclusivamente para a realiza\u00e7\u00e3o de exames complementares na \u00e1rea m\u00e9dica. Foi fundada em 1994, pelos doutores Ang\u00e9lica e Corn\u00e9lio com objetivo de oferecer a regi\u00e3o o que h\u00e1 de mais moderno na \u00e1rea de diagn\u00f3sticos m\u00e9dicos. A atualiza\u00e7\u00e3o cient\u00edfica dos profissionais da CDE tem sido uma preocupa\u00e7\u00e3o incessante. Por isso, a cl\u00ednica possui uma equipe qualificada e atualizada, cuja filosofia \u00e9 atuar na \u00e1rea de sa\u00fade com seriedade, \u00e9tica e profissionalismo, valorizando acima de tudo o bem estar dos pacientes.[\/vc_column_text][\/vc_column][vc_column background_color=&#8221;#f96e2a&#8221; width=&#8221;1\/2&#8243; css=&#8221;.vc_custom_1736358186301{margin-top: 0px !important;margin-right: 0px !important;margin-bottom: 0px !important;padding-right: 50px !important;padding-left: 50px !important;}&#8221;][vc_empty_space height=&#8221;100px&#8221;][wyde_info_box title=&#8221;Nossa Miss\u00e3o&#8221; icon_set=&#8221;fontawesome&#8221; icon_fontawesome=&#8221;fa fa-flag-o&#8221; color=&#8221;#2e264c&#8221; css=&#8221;.vc_custom_1736358444392{border-top-width: 1px !important;border-bottom-width: 1px !important;border-left-width: 1px !important;padding-right: 1px !important;border-left-color: #c4c4c4 !important;border-top-color: #c4c4c4 !important;border-bottom-color: #c4c4c4 !important;}&#8221; el_class=&#8221;nossa_missao&#8221;]<span style=\"color: #2e264c;\">Ser cl\u00ednica de refer\u00eancia em diagn\u00f3sticos m\u00e9dicos especializados em Uberl\u00e2ndia e regi\u00e3o, baseado na confiabilidade, profissionalismo, qualidade tecnol\u00f3gica, humana e cient\u00edfica.<\/span>[\/wyde_info_box][vc_empty_space height=&#8221;100px&#8221;][\/vc_column][\/vc_row][vc_row row_style=&#8221;full-width&#8221; css=&#8221;.vc_custom_1496242234093{margin-top: 0px !important;margin-right: 0px !important;margin-bottom: 0px !important;margin-left: 0px !important;padding-top: 0px !important;padding-bottom: 0px !important;}&#8221;][vc_column][wyde_image_gallery images=&#8221;402,397,415,410,372,408,401,369,400,368,373,406,377,370,376,403,375,409,407,399&#8243; gallery_type=&#8221;slider&#8221; visible_items=&#8221;8&#8243; show_navigation=&#8221;true&#8221; auto_play=&#8221;&#8221;][\/vc_column][\/vc_row][vc_row vertical_align=&#8221;middle&#8221; background_color=&#8221;#2e264c&#8221; css=&#8221;.vc_custom_1736360517357{margin-top: 0px !important;padding-top: 60px !important;padding-bottom: 60px !important;}&#8221;][vc_column width=&#8221;1\/2&#8243;][vc_column_text]<\/p>\n<h3><span style=\"color: #f96e2a;\">Equipamentos<\/span><\/h3>\n<p><span style=\"color: #ffffff;\">A cl\u00ednica CDE possui equipamentos modernos e de alta performance que permitem a atividade confi\u00e1vel e segura da nossa equipe m\u00e9dica frente aos nossos pacientes.<\/span><\/p>\n<p><span style=\"color: #ffffff;\">Al\u00e9m disso a cl\u00ednica disp\u00f5e de ambientes que foram preparados cuidadosamente, sob rigorosa supervis\u00e3o da vigil\u00e2ncia sanit\u00e1ria, para melhor prestarmos a assist\u00eancia m\u00e9dica.<\/span><\/p>\n<p><span style=\"color: #ffffff;\">Somos uma Empresa totalmente acess\u00edvel para pessoas com dificuldade f\u00edsica e cadeirantes.<\/span>[\/vc_column_text][\/vc_column][vc_column width=&#8221;1\/2&#8243;][wyde_image_gallery images=&#8221;66,392,431,393,427,428,429,430&#8243; image_size=&#8221;medium&#8221; gallery_type=&#8221;slider&#8221; visible_items=&#8221;2&#8243; auto_play=&#8221;3&#8243; slide_loop=&#8221;true&#8221;][\/vc_column][\/vc_row][vc_row bg_image_url=&#8221;http:\/\/cuboamarelo.com.br\/clinicacde\/wp-content\/uploads\/2017\/04\/corpo-clinico-150&#215;150.png&#8221; parallax=&#8221;parallax&#8221; background_overlay=&#8221;color&#8221; overlay_color=&#8221;rgba(255,255,255,0.78)&#8221; el_id=&#8221;corpoclinico&#8221; background_image=&#8221;215&#8243;][vc_column width=&#8221;1\/2&#8243;][vc_column_text animation=&#8221;bounceInLeft&#8221;]<a id=\"corpoclinico\"><\/a><\/p>\n<h1>Corpo Cl\u00ednico<\/h1>\n<p>[\/vc_column_text][vc_accordion color=&#8221;#2e264c&#8221;][vc_accordion_tab title=&#8221;Dra. Ang\u00e9lica Lemos Debs Diniz&#8221;][vc_column_text]<\/p>\n<ul>\n<li>Graduada em Medicina pela Universidade Federal de Uberl\u00e2ndia \u2013 UFU, CRM-MG:27324;<\/li>\n<li>Professora do Departamento de Ginacologia e Obstetr\u00edcia de UFU;<\/li>\n<li>P\u00f3s-Doutora pela Universidade Federal de S\u00e3o Paulo \u2013 UNIFESP;<\/li>\n<li>Professora Permanente da P\u00f3s-Gradua\u00e7\u00e3o &#8211; Ci\u00eancias da Sa\u00fade da UFU;<\/li>\n<li>Membro Titular do Col\u00e9gio Brasileiro de Radiologia \u2013 CBR;<\/li>\n<li>Membro Titular da Federa\u00e7\u00e3o Brasileira de Ginecologia e Obstetr\u00edcia\u2013FEBRASGO\u00a0\/ RQE: 56423;<\/li>\n<li>Habilitada em Avalia\u00e7\u00e3o do Risco Cromoss\u00f4mico por Ultra-sonografia pela Fetal Medicine Foundation \u2013 FMF.<\/li>\n<li>T\u00edtulo de Especialista em Medicina Fetal \/ RQE:61092;<\/li>\n<li>Vice-Presidente da SOGIMIG: 2023-2025.<\/li>\n<\/ul>\n<p>[\/vc_column_text][\/vc_accordion_tab][vc_accordion_tab title=&#8221;Dra. Cec\u00edlia Lemos Debs&#8221;][vc_column_text]<\/p>\n<ul>\n<li>Graduada em Medicina pela Universidade de Santos- UNIMES, CRM-MG: 41802;<\/li>\n<li>Doutora em Radiologia Mam\u00e1ria pela Universidade Estadual de S\u00e3o Paulo &#8211; USP;<\/li>\n<li>Especialista em Radiologia pela Universidade Federal de Uberl\u00e2ndia \u2013 UFU;<\/li>\n<li>Resid\u00eancia Especializada (R4) na Universidade de S\u00e3o Paulo- USP;<\/li>\n<li>T\u00edtulo de especialista em radiologia &#8211; CBR\u00a0\/ RQE 55999.<\/li>\n<\/ul>\n<p>[\/vc_column_text][\/vc_accordion_tab][vc_accordion_tab title=&#8221;Dr. Corn\u00e9lio Lemos Debs&#8221;][vc_column_text]<\/p>\n<ul>\n<li>Graduado em medicina na Faculdade de Ci\u00eancias M\u00e9dicas de Minas Gerais \u2013 Belo Horizonte \u2013 MG, CRM-MG: 22633;<\/li>\n<li>T\u00edtulo de especialista em cardiologia pela Sociedade Brasileira de Cardiologia (SBC);<\/li>\n<li>T\u00edtulo de especialista em ecocardiografia pela Sociedade Brasileira de Cardiologia (SBC) \/ RQE: 22425;<\/li>\n<li>Curso de especializa\u00e7\u00e3o em duplex scan vascular no Ecoar \u2013 Sistemas Diagn\u00f3sticos \u2013 Belo Horizonte \u2013 MG;<\/li>\n<li>T\u00edtulo de especialista em cl\u00ednica m\u00e9dica pela Sociedade Brasileira de Cl\u00ednica M\u00e9dica (SBCM).<\/li>\n<\/ul>\n<p>[\/vc_column_text][\/vc_accordion_tab][vc_accordion_tab title=&#8221;Dra. Gilmara Braga de Mesquita&#8221;][vc_column_text]<\/p>\n<ul>\n<li>Graduada em Medicina pela Universidade Federal de Uberl\u00e2ndia &#8211; UFU, CRM-MG: 33564;<\/li>\n<li>Especialista em Radiologia pela Universidade Federal de Uberl\u00e2ndia \u2013UFU.<\/li>\n<\/ul>\n<p>[\/vc_column_text][\/vc_accordion_tab][vc_accordion_tab title=&#8221;Dra. Pollyanna Freitas Mundim Vaz De Melo&#8221;][vc_column_text]<\/p>\n<ul>\n<li>Gradua\u00e7\u00e3o pela UFMG \/ 2003, CRM 39035;<\/li>\n<li>Resid\u00eancia m\u00e9dica em Ginecologia e Obstetr\u00edcia &#8211; T\u00edtulo de especialista pela AMB e FEBRASGO;<\/li>\n<li>Resid\u00eancia m\u00e9dica em ultrassonografia geral &#8211; certificado de atua\u00e7\u00e3o pela AMB, CBR e FEBRASGO.<\/li>\n<li>Mestre pelo Programa de P\u00f3s-Gradua\u00e7\u00e3o em Ci\u00eancias da Sa\u00fade-UFU.<\/li>\n<\/ul>\n<p>[\/vc_column_text][\/vc_accordion_tab][vc_accordion_tab title=&#8221;Dra. S\u00edlvia Caglieri Miguel&#8221;][vc_column_text]<\/p>\n<ul>\n<li>Graduada em Medicina pela Universidade Federal de Uberl\u00e2ndia \u2013 UFU, CCRM: 33324;<\/li>\n<li>Especialista em Radiologia pela Universidade Federal de Uberl\u00e2ndia \u2013UFU;<\/li>\n<li>Especializa\u00e7\u00e3o em Neurorradiologia pela Santa Casa de S\u00e3o Paulo.<\/li>\n<\/ul>\n<p>[\/vc_column_text][\/vc_accordion_tab][vc_accordion_tab title=&#8221;Dr. Vitor Fernando Silva de Campos Men\u00eases&#8221;][vc_column_text]<\/p>\n<ul>\n<li>Gradua\u00e7\u00e3o em Medicina pela Universidade de Uberaba (UNIUBE), CRM-MG: 60896;<\/li>\n<li>Resid\u00eancia m\u00e9dica em Radiologia e Diagn\u00f3stico por Imagem pelo Hospital de Cl\u00ednicas da Universidade Federal de Uberl\u00e2ndia (FAMED \/ UFU);<\/li>\n<li>Membro Titular do Col\u00e9gio Brasileiro de Radiologia \u2013 CBR \/ RQE 46409;<\/li>\n<li>Mestre pelo Programa de P\u00f3s-Gradua\u00e7\u00e3o em Ci\u00eancias da Sa\u00fade-UFU.<\/li>\n<\/ul>\n<p>[\/vc_column_text][\/vc_accordion_tab][\/vc_accordion][\/vc_column][vc_column width=&#8221;1\/2&#8243;][\/vc_column][\/vc_row][vc_row row_style=&#8221;full-width&#8221; vertical_align=&#8221;middle&#8221; css=&#8221;.vc_custom_1492697046755{margin-top: 0px !important;margin-right: 0px !important;margin-bottom: 0px !important;margin-left: 0px !important;padding-top: 0px !important;padding-bottom: 0px !important;}&#8221; el_id=&#8221;exames&#8221;][vc_column text_style=&#8221;light&#8221; text_align=&#8221;center&#8221; padding_size=&#8221;l-padding&#8221; background_color=&#8221;#2e264c&#8221; width=&#8221;1\/4&#8243; css=&#8221;.vc_custom_1736360625953{margin-top: 0px !important;margin-right: 0px !important;margin-bottom: 0px !important;margin-left: 0px !important;padding-top: 0px !important;padding-right: 0px !important;padding-bottom: 0px !important;padding-left: 0px !important;}&#8221;][vc_column_text css=&#8221;.vc_custom_1736428633936{margin-top: 0px !important;margin-bottom: 20px !important;padding-top: 0px !important;padding-right: 50px !important;padding-bottom: 0px !important;padding-left: 50px !important;}&#8221; animation=&#8221;slideInLeft&#8221;]<\/p>\n<h1 style=\"text-align: center;\">Exames<\/h1>\n<p style=\"text-align: center;\"><span style=\"color: #9ab1c0;\"><em>Conhe\u00e7a os exames que a Cl\u00ednica CDE oferece para voc\u00ea!<\/em><\/span><\/p>\n<ul>\n<li style=\"text-align: left;\"><span style=\"color: #9ab1c0;\"><em>Ultrassonografia 3D e 4D<\/em><\/span><\/li>\n<li style=\"text-align: left;\"><span style=\"color: #9ab1c0;\"><em>Mamografia Digitalizada<\/em><\/span><\/li>\n<li style=\"text-align: left;\"><span style=\"color: #9ab1c0;\"><em>Densitometria \u00d3ssea<\/em><\/span><\/li>\n<li style=\"text-align: left;\"><span style=\"color: #9ab1c0;\"><em>Medicina Fetal<\/em><\/span><\/li>\n<li style=\"text-align: left;\"><span style=\"color: #9ab1c0;\"><em>Ecocardiograma<\/em><\/span><\/li>\n<li style=\"text-align: left;\"><span style=\"color: #9ab1c0;\"><em>Duplex Scan Vascular<\/em><\/span><\/li>\n<li style=\"text-align: left;\"><span style=\"color: #9ab1c0;\"><em>E muitos outros!<\/em><\/span><\/li>\n<\/ul>\n<p>[\/vc_column_text][wyde_link_button title=&#8221;Conhe\u00e7a todos&#8221; style=&#8221;round&#8221; size=&#8221;large&#8221; link=&#8221;url:http%3A%2F%2Fwww.cdeclinica.com.br%2Findex.php%2Fexames%2F||&#8221; color=&#8221;#f96e2a&#8221; hover_color=&#8221;#ffffff&#8221; animation=&#8221;fadeInUp&#8221;][\/vc_column][vc_column width=&#8221;3\/4&#8243; css=&#8221;.vc_custom_1492697011897{margin-top: 0px !important;margin-right: 0px !important;margin-bottom: 0px !important;margin-left: 0px !important;padding-right: 0px !important;padding-bottom: 0px !important;padding-left: 0px !important;}&#8221;][wyde_portfolio_grid columns=&#8221;3&#8243; hover_effect=&#8221;split&#8221; count=&#8221;6&#8243; hide_filter=&#8221;true&#8221; pagination=&#8221;hide&#8221; posts_query=&#8221;order_by:ID|order:ASC|by_id:71,74,69,90,95,100&#8243;][\/vc_column][\/vc_row][vc_row vertical_align=&#8221;middle&#8221; css=&#8221;.vc_custom_1492632382969{margin-top: 0px !important;margin-bottom: -20px !important;padding-top: 0px !important;padding-bottom: 0px !important;}&#8221; el_id=&#8221;convenios&#8221;][vc_column width=&#8221;1\/4&#8243;][vc_column_text]<\/p>\n<h2>Conv\u00eanios:<\/h2>\n<p>[\/vc_column_text][\/vc_column][vc_column width=&#8221;3\/4&#8243;][wyde_image_gallery images=&#8221;152,155,157,153,158,434&#8243; image_size=&#8221;full&#8221; columns=&#8221;6&#8243;][\/vc_column][\/vc_row][vc_row row_style=&#8221;full-width&#8221; text_style=&#8221;light&#8221; vertical_align=&#8221;middle&#8221; padding_size=&#8221;no-padding&#8221; background_color=&#8221;#1e1937&#8243; css=&#8221;.vc_custom_1734545485609{margin-top: 0px !important;margin-bottom: 0px !important;margin-left: 0px !important;padding-top: 0px !important;padding-right: 0px !important;padding-bottom: 0px !important;padding-left: 0px !important;}&#8221; el_id=&#8221;faleconosco&#8221;][vc_column width=&#8221;2\/3&#8243; css=&#8221;.vc_custom_1497844932732{margin-top: 0px !important;margin-right: 0px !important;margin-bottom: 0px !important;margin-left: 0px !important;padding-top: 0px !important;padding-right: 80px !important;padding-bottom: 0px !important;padding-left: 0px !important;}&#8221;][vc_column_text css=&#8221;.vc_custom_1492695258657{margin-top: 0px !important;margin-right: 0px !important;margin-bottom: 0px !important;margin-left: 0px !important;padding-top: 0px !important;padding-right: 0px !important;padding-bottom: 0px !important;padding-left: 0px !important;}&#8221;]<iframe loading=\"lazy\" style=\"border: 0;\" src=\"https:\/\/www.google.com\/maps\/embed?pb=!1m18!1m12!1m3!1d3774.2408526724885!2d-48.28822948510133!3d-18.92073038717718!2m3!1f0!2f0!3f0!3m2!1i1024!2i768!4f13.1!3m3!1m2!1s0x94a444565006045f%3A0x1d607c8f3463fcea!2sAv.+Get%C3%BAlio+Vargas%2C+909+-+Centro%2C+Uberl%C3%A2ndia+-+MG!5e0!3m2!1spt-BR!2sbr!4v1492523555681\" width=\"100%\" height=\"450\" frameborder=\"0\" allowfullscreen=\"allowfullscreen\"><\/iframe>[\/vc_column_text][\/vc_column][vc_column width=&#8221;1\/3&#8243; css=&#8221;.vc_custom_1734545416772{margin-top: 0px !important;margin-bottom: 0px !important;padding-top: 0px !important;padding-bottom: 0px !important;padding-left: 20px !important;}&#8221;][vc_column_text]<\/p>\n<h3><span style=\"color: #f96e2a;\">Fale Conosco<\/span><\/h3>\n<p>[\/vc_column_text]\n<div class=\"wpcf7 no-js\" id=\"wpcf7-f178-o1\" lang=\"pt-BR\" dir=\"ltr\" data-wpcf7-id=\"178\">\n<div class=\"screen-reader-response\"><p role=\"status\" aria-live=\"polite\" aria-atomic=\"true\"><\/p> <ul><\/ul><\/div>\n<form action=\"\/index.php\/wp-json\/wp\/v2\/pages\/11#wpcf7-f178-o1\" method=\"post\" class=\"wpcf7-form init\" aria-label=\"Formul\u00e1rios de contato\" novalidate=\"novalidate\" data-status=\"init\">\n<div style=\"display: none;\">\n<input type=\"hidden\" name=\"_wpcf7\" value=\"178\" \/>\n<input type=\"hidden\" name=\"_wpcf7_version\" value=\"6.0.3\" \/>\n<input type=\"hidden\" name=\"_wpcf7_locale\" value=\"pt_BR\" \/>\n<input type=\"hidden\" name=\"_wpcf7_unit_tag\" value=\"wpcf7-f178-o1\" \/>\n<input type=\"hidden\" name=\"_wpcf7_container_post\" value=\"0\" \/>\n<input type=\"hidden\" name=\"_wpcf7_posted_data_hash\" value=\"\" \/>\n<input type=\"hidden\" name=\"_wpcf7_recaptcha_response\" value=\"\" \/>\n<\/div>\n<p><label> Nome:*<br \/>\n<span class=\"wpcf7-form-control-wrap\" data-name=\"your-name\"><input size=\"40\" maxlength=\"400\" class=\"wpcf7-form-control wpcf7-text wpcf7-validates-as-required\" aria-required=\"true\" aria-invalid=\"false\" value=\"\" type=\"text\" name=\"your-name\" \/><\/span> <\/label>\n<\/p>\n<p><label> E-mail:*<br \/>\n<span class=\"wpcf7-form-control-wrap\" data-name=\"your-email\"><input size=\"40\" maxlength=\"400\" class=\"wpcf7-form-control wpcf7-email wpcf7-validates-as-required wpcf7-text wpcf7-validates-as-email\" aria-required=\"true\" aria-invalid=\"false\" value=\"\" type=\"email\" name=\"your-email\" \/><\/span> <\/label>\n<\/p>\n<p><label> Telefone\/ Fax:<br \/>\n<span class=\"wpcf7-form-control-wrap\" data-name=\"tel-307\"><input size=\"40\" maxlength=\"400\" class=\"wpcf7-form-control wpcf7-tel wpcf7-text wpcf7-validates-as-tel\" aria-invalid=\"false\" value=\"\" type=\"tel\" name=\"tel-307\" \/><\/span><\/label>\n<\/p>\n<p><label> Mensagem:<br \/>\n<span class=\"wpcf7-form-control-wrap\" data-name=\"your-message\"><textarea cols=\"40\" rows=\"10\" maxlength=\"2000\" class=\"wpcf7-form-control wpcf7-textarea\" aria-invalid=\"false\" name=\"your-message\"><\/textarea><\/span> <\/label>\n<\/p>\n<p><input class=\"wpcf7-form-control wpcf7-submit has-spinner\" type=\"submit\" value=\"Enviar\" \/><br \/>\n\n<\/p><div class=\"wpcf7-response-output\" aria-hidden=\"true\"><\/div>\n<\/form>\n<\/div>\n[\/vc_column][\/vc_row]<\/p>\n","protected":false},"excerpt":{"rendered":"<p>[vc_row css=&#8221;.vc_custom_1492547601811{margin-top: 0px !important;padding-top: 0px !important;padding-bottom: 0px !important;}&#8221;][vc_column][rev_slider_vc][\/vc_column][\/vc_row][vc_row row_style=&#8221;full-width&#8221; vertical_align=&#8221;middle&#8221; padding_size=&#8221;no-padding&#8221; css=&#8221;.vc_custom_1492695212574{margin-top: 0px !important;margin-right: 0px !important;margin-bottom: 0px !important;margin-left: 0px !important;padding-top: 0px !important;padding-right: 0px !important;padding-bottom: 0px !important;}&#8221; el_id=&#8221;cde&#8221;][vc_column padding_size=&#8221;l-padding&#8221; width=&#8221;1\/2&#8243;][vc_column_text animation=&#8221;bounceInLeft&#8221;] A Cl\u00ednica A cl\u00ednica CDE \u00e9 uma entidade particular, voltada exclusivamente para a realiza\u00e7\u00e3o de exames complementares na \u00e1rea m\u00e9dica. Foi fundada em 1994, pelos [&hellip;]<\/p>\n","protected":false},"author":1,"featured_media":0,"parent":0,"menu_order":0,"comment_status":"closed","ping_status":"closed","template":"","meta":{"footnotes":""},"class_list":["post-11","page","type-page","status-publish","hentry"],"_links":{"self":[{"href":"http:\/\/www.cdeclinica.com.br\/index.php\/wp-json\/wp\/v2\/pages\/11","targetHints":{"allow":["GET"]}}],"collection":[{"href":"http:\/\/www.cdeclinica.com.br\/index.php\/wp-json\/wp\/v2\/pages"}],"about":[{"href":"http:\/\/www.cdeclinica.com.br\/index.php\/wp-json\/wp\/v2\/types\/page"}],"author":[{"embeddable":true,"href":"http:\/\/www.cdeclinica.com.br\/index.php\/wp-json\/wp\/v2\/users\/1"}],"replies":[{"embeddable":true,"href":"http:\/\/www.cdeclinica.com.br\/index.php\/wp-json\/wp\/v2\/comments?post=11"}],"version-history":[{"count":256,"href":"http:\/\/www.cdeclinica.com.br\/index.php\/wp-json\/wp\/v2\/pages\/11\/revisions"}],"predecessor-version":[{"id":550,"href":"http:\/\/www.cdeclinica.com.br\/index.php\/wp-json\/wp\/v2\/pages\/11\/revisions\/550"}],"wp:attachment":[{"href":"http:\/\/www.cdeclinica.com.br\/index.php\/wp-json\/wp\/v2\/media?parent=11"}],"curies":[{"name":"wp","href":"https:\/\/api.w.org\/{rel}","templated":true}]}}